{"id":1333,"date":"2022-05-17T20:44:35","date_gmt":"2022-05-17T18:44:35","guid":{"rendered":"https:\/\/vildart.cz\/?page_id=1333"},"modified":"2023-05-04T11:11:46","modified_gmt":"2023-05-04T09:11:46","slug":"blog-en","status":"publish","type":"page","link":"https:\/\/vildart.cz\/en\/blog-en\/","title":{"rendered":"Blog"},"content":{"rendered":"<div data-elementor-type=\"wp-page\" data-elementor-id=\"1333\" class=\"elementor elementor-1333\" data-elementor-post-type=\"page\">\n\t\t\t\t\t\t\t\t\t<section class=\"elementor-section elementor-top-section elementor-element elementor-element-308647b8 elementor-section-stretched elementor-section-boxed elementor-section-height-default elementor-section-height-default\" data-id=\"308647b8\" data-element_type=\"section\" data-settings=\"{&quot;stretch_section&quot;:&quot;section-stretched&quot;}\">\n\t\t\t\t\t\t<div class=\"elementor-container elementor-column-gap-wide\">\n\t\t\t\t\t<div class=\"elementor-column elementor-col-100 elementor-top-column elementor-element elementor-element-335e1df7\" data-id=\"335e1df7\" data-element_type=\"column\">\n\t\t\t<div class=\"elementor-widget-wrap elementor-element-populated\">\n\t\t\t\t\t\t\t\t<div class=\"elementor-element elementor-element-50ff996 elementor-grid-3 elementor-grid-tablet-2 elementor-grid-mobile-1 elementor-widget elementor-widget-portfolio\" data-id=\"50ff996\" data-element_type=\"widget\" data-settings=\"{&quot;columns&quot;:&quot;3&quot;,&quot;columns_tablet&quot;:&quot;2&quot;,&quot;columns_mobile&quot;:&quot;1&quot;,&quot;item_ratio&quot;:{&quot;unit&quot;:&quot;px&quot;,&quot;size&quot;:0.66,&quot;sizes&quot;:[]},&quot;item_gap&quot;:{&quot;unit&quot;:&quot;px&quot;,&quot;size&quot;:&quot;&quot;,&quot;sizes&quot;:[]},&quot;row_gap&quot;:{&quot;unit&quot;:&quot;px&quot;,&quot;size&quot;:&quot;&quot;,&quot;sizes&quot;:[]}}\" data-widget_type=\"portfolio.default\">\n\t\t\t\t<div class=\"elementor-widget-container\">\n\t\t\t<link rel=\"stylesheet\" href=\"https:\/\/vildart.cz\/wp-content\/plugins\/elementor-pro\/assets\/css\/widget-posts.min.css\">\t\t<div class=\"elementor-portfolio elementor-grid elementor-posts-container\">\n\t\t\t\t<article class=\"elementor-portfolio-item elementor-post  post-4598 post type-post status-publish format-standard has-post-thumbnail hentry category-vystavy-a-vernisaze tag-abstraktni-obrazy tag-obrazy-na-prodej tag-originalni-obrazy tag-vild-art tag-vystava tag-zahranicni-vystava\">\n\t\t\t<a class=\"elementor-post__thumbnail__link\" href=\"https:\/\/vildart.cz\/en\/lisabon-potvrzuje-uspech-ceska-umelkyne-boduje-na-mezinarodni-scene\/\">\n\t\t\t\t<div class=\"elementor-portfolio-item__img elementor-post__thumbnail\">\n\t\t\t<img fetchpriority=\"high\" decoding=\"async\" width=\"300\" height=\"225\" src=\"https:\/\/vildart.cz\/wp-content\/uploads\/2026\/03\/IMG_7232-300x225.jpeg\" class=\"attachment-medium size-medium wp-image-4620\" alt=\"\" srcset=\"https:\/\/vildart.cz\/wp-content\/uploads\/2026\/03\/IMG_7232-300x225.jpeg 300w, https:\/\/vildart.cz\/wp-content\/uploads\/2026\/03\/IMG_7232-768x576.jpeg 768w, https:\/\/vildart.cz\/wp-content\/uploads\/2026\/03\/IMG_7232-16x12.jpeg 16w, https:\/\/vildart.cz\/wp-content\/uploads\/2026\/03\/IMG_7232-600x450.jpeg 600w, https:\/\/vildart.cz\/wp-content\/uploads\/2026\/03\/IMG_7232.jpeg 1000w\" sizes=\"(max-width: 300px) 100vw, 300px\" \/>\t\t<\/div>\n\t\t\t\t<div class=\"elementor-portfolio-item__overlay\">\n\t\t\t\t<h3 class=\"elementor-portfolio-item__title\">\n\t\tLisabon potvrzuje \u00fasp\u011bch: \u010desk\u00e1 um\u011blkyn\u011b boduje na mezin\u00e1rodn\u00ed sc\u00e9n\u011b\t\t<\/h3>\n\t\t\t\t<\/div>\n\t\t\t\t<\/a>\n\t\t<\/article>\n\t\t\t\t<article class=\"elementor-portfolio-item elementor-post  post-4590 post type-post status-publish format-standard has-post-thumbnail hentry category-aukce tag-abstraktni-obrazy tag-obrazy-na-prodej tag-originalni-obrazy tag-vild-art\">\n\t\t\t<a class=\"elementor-post__thumbnail__link\" href=\"https:\/\/vildart.cz\/en\/uprava-cen-originalnich-obrazu-od-1-4-2026\/\">\n\t\t\t\t<div class=\"elementor-portfolio-item__img elementor-post__thumbnail\">\n\t\t\t<img decoding=\"async\" width=\"300\" height=\"200\" src=\"https:\/\/vildart.cz\/wp-content\/uploads\/2023\/05\/110523-abstraktni-luxusni-obrazy-Vild-art-sarka-vildova-malirka_19-300x200.jpg\" class=\"attachment-medium size-medium wp-image-2294\" alt=\"abstraktn\u00ed luxusn\u00ed obrazy Vild art \u0161\u00e1rka vildov\u00e1 mal\u00ed\u0159ka\" srcset=\"https:\/\/vildart.cz\/wp-content\/uploads\/2023\/05\/110523-abstraktni-luxusni-obrazy-Vild-art-sarka-vildova-malirka_19-300x200.jpg 300w, https:\/\/vildart.cz\/wp-content\/uploads\/2023\/05\/110523-abstraktni-luxusni-obrazy-Vild-art-sarka-vildova-malirka_19-1024x683.jpg 1024w, https:\/\/vildart.cz\/wp-content\/uploads\/2023\/05\/110523-abstraktni-luxusni-obrazy-Vild-art-sarka-vildova-malirka_19-768x512.jpg 768w, https:\/\/vildart.cz\/wp-content\/uploads\/2023\/05\/110523-abstraktni-luxusni-obrazy-Vild-art-sarka-vildova-malirka_19-1536x1024.jpg 1536w, https:\/\/vildart.cz\/wp-content\/uploads\/2023\/05\/110523-abstraktni-luxusni-obrazy-Vild-art-sarka-vildova-malirka_19-1200x800.jpg 1200w, https:\/\/vildart.cz\/wp-content\/uploads\/2023\/05\/110523-abstraktni-luxusni-obrazy-Vild-art-sarka-vildova-malirka_19-600x400.jpg 600w, https:\/\/vildart.cz\/wp-content\/uploads\/2023\/05\/110523-abstraktni-luxusni-obrazy-Vild-art-sarka-vildova-malirka_19.jpg 1920w\" sizes=\"(max-width: 300px) 100vw, 300px\" \/>\t\t<\/div>\n\t\t\t\t<div class=\"elementor-portfolio-item__overlay\">\n\t\t\t\t<h3 class=\"elementor-portfolio-item__title\">\n\t\t\u00daprava cen origin\u00e1ln\u00edch obraz\u016f od 1. 4. 2026\t\t<\/h3>\n\t\t\t\t<\/div>\n\t\t\t\t<\/a>\n\t\t<\/article>\n\t\t\t\t<article class=\"elementor-portfolio-item elementor-post  post-4587 post type-post status-publish format-standard has-post-thumbnail hentry category-vystavy-a-vernisaze tag-abstraktni-obrazy tag-obrazy-na-prodej tag-originalni-obrazy tag-vild-art tag-volne-obrazy tag-vystava\">\n\t\t\t<a class=\"elementor-post__thumbnail__link\" href=\"https:\/\/vildart.cz\/en\/potvrzeno-vild-art-letos-vystavi-v-los-angeles-a-singapuru\/\">\n\t\t\t\t<div class=\"elementor-portfolio-item__img elementor-post__thumbnail\">\n\t\t\t<img decoding=\"async\" width=\"300\" height=\"200\" src=\"https:\/\/vildart.cz\/wp-content\/uploads\/2026\/02\/Obrazek-300x200.jpeg\" class=\"attachment-medium size-medium wp-image-4588\" alt=\"\" srcset=\"https:\/\/vildart.cz\/wp-content\/uploads\/2026\/02\/Obrazek-300x200.jpeg 300w, https:\/\/vildart.cz\/wp-content\/uploads\/2026\/02\/Obrazek-1024x683.jpeg 1024w, https:\/\/vildart.cz\/wp-content\/uploads\/2026\/02\/Obrazek-768x512.jpeg 768w, https:\/\/vildart.cz\/wp-content\/uploads\/2026\/02\/Obrazek-18x12.jpeg 18w, https:\/\/vildart.cz\/wp-content\/uploads\/2026\/02\/Obrazek-1200x800.jpeg 1200w, https:\/\/vildart.cz\/wp-content\/uploads\/2026\/02\/Obrazek-600x400.jpeg 600w, https:\/\/vildart.cz\/wp-content\/uploads\/2026\/02\/Obrazek.jpeg 1536w\" sizes=\"(max-width: 300px) 100vw, 300px\" \/>\t\t<\/div>\n\t\t\t\t<div class=\"elementor-portfolio-item__overlay\">\n\t\t\t\t<h3 class=\"elementor-portfolio-item__title\">\n\t\tPotvrzeno: Vild Art letos vystav\u00ed v Los Angeles a Singapuru\t\t<\/h3>\n\t\t\t\t<\/div>\n\t\t\t\t<\/a>\n\t\t<\/article>\n\t\t\t\t<article class=\"elementor-portfolio-item elementor-post  post-4580 post type-post status-publish format-standard has-post-thumbnail hentry category-vystavy-a-vernisaze tag-abstraktni-obrazy tag-obrazy-na-prodej tag-originalni-obrazy tag-vild-art tag-vystava\">\n\t\t\t<a class=\"elementor-post__thumbnail__link\" href=\"https:\/\/vildart.cz\/en\/co-nas-letos-ceka-dve-dalsi-vystavy-vild-art\/\">\n\t\t\t\t<div class=\"elementor-portfolio-item__img elementor-post__thumbnail\">\n\t\t\t<img loading=\"lazy\" decoding=\"async\" width=\"300\" height=\"212\" src=\"https:\/\/vildart.cz\/wp-content\/uploads\/2026\/02\/WhatsApp-Image-2026-02-06-at-4.59.31\u202fodp-e1771230002191-300x212.jpeg\" class=\"attachment-medium size-medium wp-image-4584\" alt=\"\" srcset=\"https:\/\/vildart.cz\/wp-content\/uploads\/2026\/02\/WhatsApp-Image-2026-02-06-at-4.59.31\u202fodp-e1771230002191-300x212.jpeg 300w, https:\/\/vildart.cz\/wp-content\/uploads\/2026\/02\/WhatsApp-Image-2026-02-06-at-4.59.31\u202fodp-e1771230002191-768x543.jpeg 768w, https:\/\/vildart.cz\/wp-content\/uploads\/2026\/02\/WhatsApp-Image-2026-02-06-at-4.59.31\u202fodp-e1771230002191-18x12.jpeg 18w, https:\/\/vildart.cz\/wp-content\/uploads\/2026\/02\/WhatsApp-Image-2026-02-06-at-4.59.31\u202fodp-e1771230002191-600x424.jpeg 600w, https:\/\/vildart.cz\/wp-content\/uploads\/2026\/02\/WhatsApp-Image-2026-02-06-at-4.59.31\u202fodp-e1771230002191.jpeg 921w\" sizes=\"(max-width: 300px) 100vw, 300px\" \/>\t\t<\/div>\n\t\t\t\t<div class=\"elementor-portfolio-item__overlay\">\n\t\t\t\t<h3 class=\"elementor-portfolio-item__title\">\n\t\tCo n\u00e1s letos \u010dek\u00e1: dv\u011b dal\u0161\u00ed v\u00fdstavy Vild Art\t\t<\/h3>\n\t\t\t\t<\/div>\n\t\t\t\t<\/a>\n\t\t<\/article>\n\t\t\t\t<article class=\"elementor-portfolio-item elementor-post  post-4575 post type-post status-publish format-standard has-post-thumbnail hentry category-vystavy-a-vernisaze tag-abstraktni-obrazy tag-originalni-obrazy tag-vild-art tag-vystava\">\n\t\t\t<a class=\"elementor-post__thumbnail__link\" href=\"https:\/\/vildart.cz\/en\/vild-art-na-vystave-cross-roads-v-lisabonu\/\">\n\t\t\t\t<div class=\"elementor-portfolio-item__img elementor-post__thumbnail\">\n\t\t\t<img loading=\"lazy\" decoding=\"async\" width=\"300\" height=\"282\" src=\"https:\/\/vildart.cz\/wp-content\/uploads\/2026\/02\/1c21b7c3-3ddb-458b-a194-3cfea564c025-e1770620779700-300x282.jpeg\" class=\"attachment-medium size-medium wp-image-4576\" alt=\"\" srcset=\"https:\/\/vildart.cz\/wp-content\/uploads\/2026\/02\/1c21b7c3-3ddb-458b-a194-3cfea564c025-e1770620779700-300x282.jpeg 300w, https:\/\/vildart.cz\/wp-content\/uploads\/2026\/02\/1c21b7c3-3ddb-458b-a194-3cfea564c025-e1770620779700-768x723.jpeg 768w, https:\/\/vildart.cz\/wp-content\/uploads\/2026\/02\/1c21b7c3-3ddb-458b-a194-3cfea564c025-e1770620779700-13x12.jpeg 13w, https:\/\/vildart.cz\/wp-content\/uploads\/2026\/02\/1c21b7c3-3ddb-458b-a194-3cfea564c025-e1770620779700-600x565.jpeg 600w, https:\/\/vildart.cz\/wp-content\/uploads\/2026\/02\/1c21b7c3-3ddb-458b-a194-3cfea564c025-e1770620779700.jpeg 780w\" sizes=\"(max-width: 300px) 100vw, 300px\" \/>\t\t<\/div>\n\t\t\t\t<div class=\"elementor-portfolio-item__overlay\">\n\t\t\t\t<h3 class=\"elementor-portfolio-item__title\">\n\t\tVild Art na v\u00fdstav\u011b Cross Roads v Lisabonu\t\t<\/h3>\n\t\t\t\t<\/div>\n\t\t\t\t<\/a>\n\t\t<\/article>\n\t\t\t\t<article class=\"elementor-portfolio-item elementor-post  post-4553 post type-post status-publish format-standard has-post-thumbnail hentry category-vystavy-a-vernisaze tag-obrazy-na-prodej tag-originalni-obrazy tag-vild-art tag-volne-obrazy tag-vystava\">\n\t\t\t<a class=\"elementor-post__thumbnail__link\" href=\"https:\/\/vildart.cz\/en\/vild-art-slavi-uspech-v-madridu-sarcina-tvorba-otevira-dvere-do-evropy\/\">\n\t\t\t\t<div class=\"elementor-portfolio-item__img elementor-post__thumbnail\">\n\t\t\t<img loading=\"lazy\" decoding=\"async\" width=\"300\" height=\"225\" src=\"https:\/\/vildart.cz\/wp-content\/uploads\/2025\/12\/WhatsApp-Image-2025-12-07-at-4.04.07\u202fodp.-2-1-300x225.jpeg\" class=\"attachment-medium size-medium wp-image-4562\" alt=\"\" srcset=\"https:\/\/vildart.cz\/wp-content\/uploads\/2025\/12\/WhatsApp-Image-2025-12-07-at-4.04.07\u202fodp.-2-1-300x225.jpeg 300w, https:\/\/vildart.cz\/wp-content\/uploads\/2025\/12\/WhatsApp-Image-2025-12-07-at-4.04.07\u202fodp.-2-1-1024x768.jpeg 1024w, https:\/\/vildart.cz\/wp-content\/uploads\/2025\/12\/WhatsApp-Image-2025-12-07-at-4.04.07\u202fodp.-2-1-768x576.jpeg 768w, https:\/\/vildart.cz\/wp-content\/uploads\/2025\/12\/WhatsApp-Image-2025-12-07-at-4.04.07\u202fodp.-2-1-1536x1152.jpeg 1536w, https:\/\/vildart.cz\/wp-content\/uploads\/2025\/12\/WhatsApp-Image-2025-12-07-at-4.04.07\u202fodp.-2-1-2048x1536.jpeg 2048w, https:\/\/vildart.cz\/wp-content\/uploads\/2025\/12\/WhatsApp-Image-2025-12-07-at-4.04.07\u202fodp.-2-1-16x12.jpeg 16w, https:\/\/vildart.cz\/wp-content\/uploads\/2025\/12\/WhatsApp-Image-2025-12-07-at-4.04.07\u202fodp.-2-1-1200x900.jpeg 1200w, https:\/\/vildart.cz\/wp-content\/uploads\/2025\/12\/WhatsApp-Image-2025-12-07-at-4.04.07\u202fodp.-2-1-1980x1485.jpeg 1980w, https:\/\/vildart.cz\/wp-content\/uploads\/2025\/12\/WhatsApp-Image-2025-12-07-at-4.04.07\u202fodp.-2-1-600x450.jpeg 600w\" sizes=\"(max-width: 300px) 100vw, 300px\" \/>\t\t<\/div>\n\t\t\t\t<div class=\"elementor-portfolio-item__overlay\">\n\t\t\t\t<h3 class=\"elementor-portfolio-item__title\">\n\t\tVild Art slav\u00ed \u00fasp\u011bch v Madridu: \u0160\u00e1r\u010dina tvorba otev\u00edr\u00e1 dve\u0159e do Evropy\t\t<\/h3>\n\t\t\t\t<\/div>\n\t\t\t\t<\/a>\n\t\t<\/article>\n\t\t\t\t<\/div>\n\t\t\t\t<\/div>\n\t\t\t\t<\/div>\n\t\t\t\t\t<\/div>\n\t\t<\/div>\n\t\t\t\t\t\t\t<\/div>\n\t\t<\/section>\n\t\t\t\t\t\t\t<\/div>","protected":false},"excerpt":{"rendered":"","protected":false},"author":1,"featured_media":0,"parent":0,"menu_order":0,"comment_status":"closed","ping_status":"closed","template":"elementor_header_footer","meta":{"footnotes":""},"class_list":["post-1333","page","type-page","status-publish","hentry"],"_links":{"self":[{"href":"https:\/\/vildart.cz\/en\/wp-json\/wp\/v2\/pages\/1333"}],"collection":[{"href":"https:\/\/vildart.cz\/en\/wp-json\/wp\/v2\/pages"}],"about":[{"href":"https:\/\/vildart.cz\/en\/wp-json\/wp\/v2\/types\/page"}],"author":[{"embeddable":true,"href":"https:\/\/vildart.cz\/en\/wp-json\/wp\/v2\/users\/1"}],"replies":[{"embeddable":true,"href":"https:\/\/vildart.cz\/en\/wp-json\/wp\/v2\/comments?post=1333"}],"version-history":[{"count":11,"href":"https:\/\/vildart.cz\/en\/wp-json\/wp\/v2\/pages\/1333\/revisions"}],"predecessor-version":[{"id":2050,"href":"https:\/\/vildart.cz\/en\/wp-json\/wp\/v2\/pages\/1333\/revisions\/2050"}],"wp:attachment":[{"href":"https:\/\/vildart.cz\/en\/wp-json\/wp\/v2\/media?parent=1333"}],"curies":[{"name":"wp","href":"https:\/\/api.w.org\/{rel}","templated":true}]}}