{"id":510,"date":"2022-04-08T12:52:02","date_gmt":"2022-04-08T10:52:02","guid":{"rendered":"https:\/\/vildart.cz\/?page_id=510"},"modified":"2022-05-17T20:51:28","modified_gmt":"2022-05-17T18:51:28","slug":"blog","status":"publish","type":"page","link":"https:\/\/vildart.cz\/en\/blog\/","title":{"rendered":"Blog"},"content":{"rendered":"<div data-elementor-type=\"wp-page\" data-elementor-id=\"510\" class=\"elementor elementor-510\" data-elementor-post-type=\"page\">\n\t\t\t\t\t\t\t\t\t<section class=\"elementor-section elementor-top-section elementor-element elementor-element-7f656dec elementor-section-stretched elementor-section-boxed elementor-section-height-default elementor-section-height-default\" data-id=\"7f656dec\" data-element_type=\"section\" data-settings=\"{&quot;stretch_section&quot;:&quot;section-stretched&quot;}\">\n\t\t\t\t\t\t<div class=\"elementor-container elementor-column-gap-wide\">\n\t\t\t\t\t<div class=\"elementor-column elementor-col-100 elementor-top-column elementor-element elementor-element-6c04c55a\" data-id=\"6c04c55a\" data-element_type=\"column\">\n\t\t\t<div class=\"elementor-widget-wrap elementor-element-populated\">\n\t\t\t\t\t\t\t\t<div class=\"elementor-element elementor-element-538e1db elementor-grid-tablet-1 elementor-grid-3 elementor-grid-mobile-1 elementor-posts--thumbnail-top elementor-widget elementor-widget-posts\" data-id=\"538e1db\" data-element_type=\"widget\" data-settings=\"{&quot;pagination_type&quot;:&quot;numbers_and_prev_next&quot;,&quot;classic_columns_tablet&quot;:&quot;1&quot;,&quot;classic_columns&quot;:&quot;3&quot;,&quot;classic_columns_mobile&quot;:&quot;1&quot;,&quot;classic_row_gap&quot;:{&quot;unit&quot;:&quot;px&quot;,&quot;size&quot;:35,&quot;sizes&quot;:[]},&quot;classic_row_gap_tablet&quot;:{&quot;unit&quot;:&quot;px&quot;,&quot;size&quot;:&quot;&quot;,&quot;sizes&quot;:[]},&quot;classic_row_gap_mobile&quot;:{&quot;unit&quot;:&quot;px&quot;,&quot;size&quot;:&quot;&quot;,&quot;sizes&quot;:[]}}\" data-widget_type=\"posts.classic\">\n\t\t\t\t<div class=\"elementor-widget-container\">\n\t\t\t<link rel=\"stylesheet\" href=\"https:\/\/vildart.cz\/wp-content\/plugins\/elementor-pro\/assets\/css\/widget-posts.min.css\">\t\t<div class=\"elementor-posts-container elementor-posts elementor-posts--skin-classic elementor-grid\">\n\t\t\t\t<article class=\"elementor-post elementor-grid-item post-4598 post type-post status-publish format-standard has-post-thumbnail hentry category-vystavy-a-vernisaze tag-abstraktni-obrazy tag-obrazy-na-prodej tag-originalni-obrazy tag-vild-art tag-vystava tag-zahranicni-vystava\">\n\t\t\t\t<a class=\"elementor-post__thumbnail__link\" href=\"https:\/\/vildart.cz\/en\/lisabon-potvrzuje-uspech-ceska-umelkyne-boduje-na-mezinarodni-scene\/\" tabindex=\"-1\" >\n\t\t\t<div class=\"elementor-post__thumbnail\"><img fetchpriority=\"high\" decoding=\"async\" width=\"580\" height=\"435\" src=\"https:\/\/vildart.cz\/wp-content\/uploads\/2026\/03\/IMG_7232-768x576.jpeg\" class=\"attachment-medium_large size-medium_large wp-image-4620\" alt=\"\" srcset=\"https:\/\/vildart.cz\/wp-content\/uploads\/2026\/03\/IMG_7232-768x576.jpeg 768w, https:\/\/vildart.cz\/wp-content\/uploads\/2026\/03\/IMG_7232-300x225.jpeg 300w, https:\/\/vildart.cz\/wp-content\/uploads\/2026\/03\/IMG_7232-16x12.jpeg 16w, https:\/\/vildart.cz\/wp-content\/uploads\/2026\/03\/IMG_7232-600x450.jpeg 600w, https:\/\/vildart.cz\/wp-content\/uploads\/2026\/03\/IMG_7232.jpeg 1000w\" sizes=\"(max-width: 580px) 100vw, 580px\" \/><\/div>\n\t\t<\/a>\n\t\t\t\t<div class=\"elementor-post__text\">\n\t\t\t\t<h3 class=\"elementor-post__title\">\n\t\t\t<a href=\"https:\/\/vildart.cz\/en\/lisabon-potvrzuje-uspech-ceska-umelkyne-boduje-na-mezinarodni-scene\/\" >\n\t\t\t\tLisabon potvrzuje \u00fasp\u011bch: \u010desk\u00e1 um\u011blkyn\u011b boduje na mezin\u00e1rodn\u00ed sc\u00e9n\u011b\t\t\t<\/a>\n\t\t<\/h3>\n\t\t\t\t<div class=\"elementor-post__meta-data\">\n\t\t\t\t\t<span class=\"elementor-post-date\">\n\t\t\tMarch 27, 2026\t\t<\/span>\n\t\t\t\t<\/div>\n\t\t\t\t<div class=\"elementor-post__excerpt\">\n\t\t\t<p>V b\u0159eznu 2026 jsme se jako jedin\u00ed z\u00e1stupci \u010cesk\u00e9 republiky z\u00fa\u010dastnili presti\u017en\u00ed mezin\u00e1rodn\u00ed v\u00fdstavy v Lisabonu, realizovan\u00e9 ve spolupr\u00e1ci s<\/p>\n\t\t<\/div>\n\t\t\t\t<\/div>\n\t\t\t\t<\/article>\n\t\t\t\t<article class=\"elementor-post elementor-grid-item post-4590 post type-post status-publish format-standard has-post-thumbnail hentry category-aukce tag-abstraktni-obrazy tag-obrazy-na-prodej tag-originalni-obrazy tag-vild-art\">\n\t\t\t\t<a class=\"elementor-post__thumbnail__link\" href=\"https:\/\/vildart.cz\/en\/uprava-cen-originalnich-obrazu-od-1-4-2026\/\" tabindex=\"-1\" >\n\t\t\t<div class=\"elementor-post__thumbnail\"><img decoding=\"async\" width=\"580\" height=\"387\" src=\"https:\/\/vildart.cz\/wp-content\/uploads\/2023\/05\/110523-abstraktni-luxusni-obrazy-Vild-art-sarka-vildova-malirka_19-768x512.jpg\" class=\"attachment-medium_large size-medium_large wp-image-2294\" alt=\"abstraktn\u00ed luxusn\u00ed obrazy Vild art \u0161\u00e1rka vildov\u00e1 mal\u00ed\u0159ka\" srcset=\"https:\/\/vildart.cz\/wp-content\/uploads\/2023\/05\/110523-abstraktni-luxusni-obrazy-Vild-art-sarka-vildova-malirka_19-768x512.jpg 768w, https:\/\/vildart.cz\/wp-content\/uploads\/2023\/05\/110523-abstraktni-luxusni-obrazy-Vild-art-sarka-vildova-malirka_19-300x200.jpg 300w, https:\/\/vildart.cz\/wp-content\/uploads\/2023\/05\/110523-abstraktni-luxusni-obrazy-Vild-art-sarka-vildova-malirka_19-1024x683.jpg 1024w, https:\/\/vildart.cz\/wp-content\/uploads\/2023\/05\/110523-abstraktni-luxusni-obrazy-Vild-art-sarka-vildova-malirka_19-1536x1024.jpg 1536w, https:\/\/vildart.cz\/wp-content\/uploads\/2023\/05\/110523-abstraktni-luxusni-obrazy-Vild-art-sarka-vildova-malirka_19-1200x800.jpg 1200w, https:\/\/vildart.cz\/wp-content\/uploads\/2023\/05\/110523-abstraktni-luxusni-obrazy-Vild-art-sarka-vildova-malirka_19-600x400.jpg 600w, https:\/\/vildart.cz\/wp-content\/uploads\/2023\/05\/110523-abstraktni-luxusni-obrazy-Vild-art-sarka-vildova-malirka_19.jpg 1920w\" sizes=\"(max-width: 580px) 100vw, 580px\" \/><\/div>\n\t\t<\/a>\n\t\t\t\t<div class=\"elementor-post__text\">\n\t\t\t\t<h3 class=\"elementor-post__title\">\n\t\t\t<a href=\"https:\/\/vildart.cz\/en\/uprava-cen-originalnich-obrazu-od-1-4-2026\/\" >\n\t\t\t\t\u00daprava cen origin\u00e1ln\u00edch obraz\u016f od 1. 4. 2026\t\t\t<\/a>\n\t\t<\/h3>\n\t\t\t\t<div class=\"elementor-post__meta-data\">\n\t\t\t\t\t<span class=\"elementor-post-date\">\n\t\t\tMarch 2, 2026\t\t<\/span>\n\t\t\t\t<\/div>\n\t\t\t\t<div class=\"elementor-post__excerpt\">\n\t\t\t<p>R\u00e1di bychom v\u00e1s informovali o zm\u011bn\u011b, kter\u00e1 se dotkne v\u0161ech origin\u00e1ln\u00edch obraz\u016f Vild Art.S platnost\u00ed od&nbsp;1. dubna 2026&nbsp;dojde ke&nbsp;zv\u00fd\u0161en\u00ed cen<\/p>\n\t\t<\/div>\n\t\t\t\t<\/div>\n\t\t\t\t<\/article>\n\t\t\t\t<article class=\"elementor-post elementor-grid-item post-4587 post type-post status-publish format-standard has-post-thumbnail hentry category-vystavy-a-vernisaze tag-abstraktni-obrazy tag-obrazy-na-prodej tag-originalni-obrazy tag-vild-art tag-volne-obrazy tag-vystava\">\n\t\t\t\t<a class=\"elementor-post__thumbnail__link\" href=\"https:\/\/vildart.cz\/en\/potvrzeno-vild-art-letos-vystavi-v-los-angeles-a-singapuru\/\" tabindex=\"-1\" >\n\t\t\t<div class=\"elementor-post__thumbnail\"><img decoding=\"async\" width=\"580\" height=\"387\" src=\"https:\/\/vildart.cz\/wp-content\/uploads\/2026\/02\/Obrazek-768x512.jpeg\" class=\"attachment-medium_large size-medium_large wp-image-4588\" alt=\"\" srcset=\"https:\/\/vildart.cz\/wp-content\/uploads\/2026\/02\/Obrazek-768x512.jpeg 768w, https:\/\/vildart.cz\/wp-content\/uploads\/2026\/02\/Obrazek-300x200.jpeg 300w, https:\/\/vildart.cz\/wp-content\/uploads\/2026\/02\/Obrazek-1024x683.jpeg 1024w, https:\/\/vildart.cz\/wp-content\/uploads\/2026\/02\/Obrazek-18x12.jpeg 18w, https:\/\/vildart.cz\/wp-content\/uploads\/2026\/02\/Obrazek-1200x800.jpeg 1200w, https:\/\/vildart.cz\/wp-content\/uploads\/2026\/02\/Obrazek-600x400.jpeg 600w, https:\/\/vildart.cz\/wp-content\/uploads\/2026\/02\/Obrazek.jpeg 1536w\" sizes=\"(max-width: 580px) 100vw, 580px\" \/><\/div>\n\t\t<\/a>\n\t\t\t\t<div class=\"elementor-post__text\">\n\t\t\t\t<h3 class=\"elementor-post__title\">\n\t\t\t<a href=\"https:\/\/vildart.cz\/en\/potvrzeno-vild-art-letos-vystavi-v-los-angeles-a-singapuru\/\" >\n\t\t\t\tPotvrzeno: Vild Art letos vystav\u00ed v Los Angeles a Singapuru\t\t\t<\/a>\n\t\t<\/h3>\n\t\t\t\t<div class=\"elementor-post__meta-data\">\n\t\t\t\t\t<span class=\"elementor-post-date\">\n\t\t\tFebruary 26, 2026\t\t<\/span>\n\t\t\t\t<\/div>\n\t\t\t\t<div class=\"elementor-post__excerpt\">\n\t\t\t<p>Navazujeme na n\u00e1\u0161 p\u0159edchoz\u00ed blogov\u00fd \u010dl\u00e1nek \u2014 a tentokr\u00e1t u\u017e s jasnou zpr\u00e1vou.S radost\u00ed m\u016f\u017eeme ozn\u00e1mit, \u017ee jsme&nbsp;ofici\u00e1ln\u011b podepsali smlouvy<\/p>\n\t\t<\/div>\n\t\t\t\t<\/div>\n\t\t\t\t<\/article>\n\t\t\t\t<article class=\"elementor-post elementor-grid-item post-4580 post type-post status-publish format-standard has-post-thumbnail hentry category-vystavy-a-vernisaze tag-abstraktni-obrazy tag-obrazy-na-prodej tag-originalni-obrazy tag-vild-art tag-vystava\">\n\t\t\t\t<a class=\"elementor-post__thumbnail__link\" href=\"https:\/\/vildart.cz\/en\/co-nas-letos-ceka-dve-dalsi-vystavy-vild-art\/\" tabindex=\"-1\" >\n\t\t\t<div class=\"elementor-post__thumbnail\"><img loading=\"lazy\" decoding=\"async\" width=\"580\" height=\"410\" src=\"https:\/\/vildart.cz\/wp-content\/uploads\/2026\/02\/WhatsApp-Image-2026-02-06-at-4.59.31\u202fodp-e1771230002191-768x543.jpeg\" class=\"attachment-medium_large size-medium_large wp-image-4584\" alt=\"\" srcset=\"https:\/\/vildart.cz\/wp-content\/uploads\/2026\/02\/WhatsApp-Image-2026-02-06-at-4.59.31\u202fodp-e1771230002191-768x543.jpeg 768w, https:\/\/vildart.cz\/wp-content\/uploads\/2026\/02\/WhatsApp-Image-2026-02-06-at-4.59.31\u202fodp-e1771230002191-300x212.jpeg 300w, https:\/\/vildart.cz\/wp-content\/uploads\/2026\/02\/WhatsApp-Image-2026-02-06-at-4.59.31\u202fodp-e1771230002191-18x12.jpeg 18w, https:\/\/vildart.cz\/wp-content\/uploads\/2026\/02\/WhatsApp-Image-2026-02-06-at-4.59.31\u202fodp-e1771230002191-600x424.jpeg 600w, https:\/\/vildart.cz\/wp-content\/uploads\/2026\/02\/WhatsApp-Image-2026-02-06-at-4.59.31\u202fodp-e1771230002191.jpeg 921w\" sizes=\"(max-width: 580px) 100vw, 580px\" \/><\/div>\n\t\t<\/a>\n\t\t\t\t<div class=\"elementor-post__text\">\n\t\t\t\t<h3 class=\"elementor-post__title\">\n\t\t\t<a href=\"https:\/\/vildart.cz\/en\/co-nas-letos-ceka-dve-dalsi-vystavy-vild-art\/\" >\n\t\t\t\tCo n\u00e1s letos \u010dek\u00e1: dv\u011b dal\u0161\u00ed v\u00fdstavy Vild Art\t\t\t<\/a>\n\t\t<\/h3>\n\t\t\t\t<div class=\"elementor-post__meta-data\">\n\t\t\t\t\t<span class=\"elementor-post-date\">\n\t\t\tFebruary 16, 2026\t\t<\/span>\n\t\t\t\t<\/div>\n\t\t\t\t<div class=\"elementor-post__excerpt\">\n\t\t\t<p>Rok se teprve rozb\u00edh\u00e1 a u\u017e te\u010f se p\u0159ed n\u00e1mi objevuj\u00ed velmi zaj\u00edmav\u00e9 p\u0159\u00edle\u017eitosti. Krom\u011b jarn\u00ed v\u00fdstavy v Lisabonu m\u00e1me&nbsp;nab\u00eddku<\/p>\n\t\t<\/div>\n\t\t\t\t<\/div>\n\t\t\t\t<\/article>\n\t\t\t\t<article class=\"elementor-post elementor-grid-item post-4575 post type-post status-publish format-standard has-post-thumbnail hentry category-vystavy-a-vernisaze tag-abstraktni-obrazy tag-originalni-obrazy tag-vild-art tag-vystava\">\n\t\t\t\t<a class=\"elementor-post__thumbnail__link\" href=\"https:\/\/vildart.cz\/en\/vild-art-na-vystave-cross-roads-v-lisabonu\/\" tabindex=\"-1\" >\n\t\t\t<div class=\"elementor-post__thumbnail\"><img loading=\"lazy\" decoding=\"async\" width=\"580\" height=\"546\" src=\"https:\/\/vildart.cz\/wp-content\/uploads\/2026\/02\/1c21b7c3-3ddb-458b-a194-3cfea564c025-e1770620779700-768x723.jpeg\" class=\"attachment-medium_large size-medium_large wp-image-4576\" alt=\"\" srcset=\"https:\/\/vildart.cz\/wp-content\/uploads\/2026\/02\/1c21b7c3-3ddb-458b-a194-3cfea564c025-e1770620779700-768x723.jpeg 768w, https:\/\/vildart.cz\/wp-content\/uploads\/2026\/02\/1c21b7c3-3ddb-458b-a194-3cfea564c025-e1770620779700-300x282.jpeg 300w, https:\/\/vildart.cz\/wp-content\/uploads\/2026\/02\/1c21b7c3-3ddb-458b-a194-3cfea564c025-e1770620779700-13x12.jpeg 13w, https:\/\/vildart.cz\/wp-content\/uploads\/2026\/02\/1c21b7c3-3ddb-458b-a194-3cfea564c025-e1770620779700-600x565.jpeg 600w, https:\/\/vildart.cz\/wp-content\/uploads\/2026\/02\/1c21b7c3-3ddb-458b-a194-3cfea564c025-e1770620779700.jpeg 780w\" sizes=\"(max-width: 580px) 100vw, 580px\" \/><\/div>\n\t\t<\/a>\n\t\t\t\t<div class=\"elementor-post__text\">\n\t\t\t\t<h3 class=\"elementor-post__title\">\n\t\t\t<a href=\"https:\/\/vildart.cz\/en\/vild-art-na-vystave-cross-roads-v-lisabonu\/\" >\n\t\t\t\tVild Art na v\u00fdstav\u011b Cross Roads v Lisabonu\t\t\t<\/a>\n\t\t<\/h3>\n\t\t\t\t<div class=\"elementor-post__meta-data\">\n\t\t\t\t\t<span class=\"elementor-post-date\">\n\t\t\tFebruary 9, 2026\t\t<\/span>\n\t\t\t\t<\/div>\n\t\t\t\t<div class=\"elementor-post__excerpt\">\n\t\t\t<p>Na ja\u0159e 2026 se na\u0161e cesta posune o dal\u0161\u00ed kus d\u00e1l \u2014 tentokr\u00e1t do&nbsp;Lisabonu.Ve dnech&nbsp;21.\u201326. b\u0159ezna 2026&nbsp;se Vild Art p\u0159edstav\u00ed<\/p>\n\t\t<\/div>\n\t\t\t\t<\/div>\n\t\t\t\t<\/article>\n\t\t\t\t<article class=\"elementor-post elementor-grid-item post-4553 post type-post status-publish format-standard has-post-thumbnail hentry category-vystavy-a-vernisaze tag-obrazy-na-prodej tag-originalni-obrazy tag-vild-art tag-volne-obrazy tag-vystava\">\n\t\t\t\t<a class=\"elementor-post__thumbnail__link\" href=\"https:\/\/vildart.cz\/en\/vild-art-slavi-uspech-v-madridu-sarcina-tvorba-otevira-dvere-do-evropy\/\" tabindex=\"-1\" >\n\t\t\t<div class=\"elementor-post__thumbnail\"><img loading=\"lazy\" decoding=\"async\" width=\"580\" height=\"435\" src=\"https:\/\/vildart.cz\/wp-content\/uploads\/2025\/12\/WhatsApp-Image-2025-12-07-at-4.04.07\u202fodp.-2-1-768x576.jpeg\" class=\"attachment-medium_large size-medium_large wp-image-4562\" alt=\"\" srcset=\"https:\/\/vildart.cz\/wp-content\/uploads\/2025\/12\/WhatsApp-Image-2025-12-07-at-4.04.07\u202fodp.-2-1-768x576.jpeg 768w, https:\/\/vildart.cz\/wp-content\/uploads\/2025\/12\/WhatsApp-Image-2025-12-07-at-4.04.07\u202fodp.-2-1-300x225.jpeg 300w, https:\/\/vildart.cz\/wp-content\/uploads\/2025\/12\/WhatsApp-Image-2025-12-07-at-4.04.07\u202fodp.-2-1-1024x768.jpeg 1024w, https:\/\/vildart.cz\/wp-content\/uploads\/2025\/12\/WhatsApp-Image-2025-12-07-at-4.04.07\u202fodp.-2-1-1536x1152.jpeg 1536w, https:\/\/vildart.cz\/wp-content\/uploads\/2025\/12\/WhatsApp-Image-2025-12-07-at-4.04.07\u202fodp.-2-1-2048x1536.jpeg 2048w, https:\/\/vildart.cz\/wp-content\/uploads\/2025\/12\/WhatsApp-Image-2025-12-07-at-4.04.07\u202fodp.-2-1-16x12.jpeg 16w, https:\/\/vildart.cz\/wp-content\/uploads\/2025\/12\/WhatsApp-Image-2025-12-07-at-4.04.07\u202fodp.-2-1-1200x900.jpeg 1200w, https:\/\/vildart.cz\/wp-content\/uploads\/2025\/12\/WhatsApp-Image-2025-12-07-at-4.04.07\u202fodp.-2-1-1980x1485.jpeg 1980w, https:\/\/vildart.cz\/wp-content\/uploads\/2025\/12\/WhatsApp-Image-2025-12-07-at-4.04.07\u202fodp.-2-1-600x450.jpeg 600w\" sizes=\"(max-width: 580px) 100vw, 580px\" \/><\/div>\n\t\t<\/a>\n\t\t\t\t<div class=\"elementor-post__text\">\n\t\t\t\t<h3 class=\"elementor-post__title\">\n\t\t\t<a href=\"https:\/\/vildart.cz\/en\/vild-art-slavi-uspech-v-madridu-sarcina-tvorba-otevira-dvere-do-evropy\/\" >\n\t\t\t\tVild Art slav\u00ed \u00fasp\u011bch v Madridu: \u0160\u00e1r\u010dina tvorba otev\u00edr\u00e1 dve\u0159e do Evropy\t\t\t<\/a>\n\t\t<\/h3>\n\t\t\t\t<div class=\"elementor-post__meta-data\">\n\t\t\t\t\t<span class=\"elementor-post-date\">\n\t\t\tDecember 11, 2025\t\t<\/span>\n\t\t\t\t<\/div>\n\t\t\t\t<div class=\"elementor-post__excerpt\">\n\t\t\t<p>Na\u0161e posledn\u00ed \u00fa\u010dast na v\u00fdstav\u011b v Madridu, kterou zprost\u0159edkovala&nbsp;Baal Art Gallery, p\u0159inesla dal\u0161\u00ed mimo\u0159\u00e1dn\u00fd miln\u00edk v mezin\u00e1rodn\u00edm p\u016fsoben\u00ed \u0160\u00e1rky Vildov\u00e9.<\/p>\n\t\t<\/div>\n\t\t\t\t<\/div>\n\t\t\t\t<\/article>\n\t\t\t\t<article class=\"elementor-post elementor-grid-item post-4537 post type-post status-publish format-standard has-post-thumbnail hentry category-vystavy-a-vernisaze tag-abstraktni-obrazy tag-obrazy-na-prodej tag-originalni-obrazy tag-vild-art tag-volne-obrazy tag-vystava\">\n\t\t\t\t<a class=\"elementor-post__thumbnail__link\" href=\"https:\/\/vildart.cz\/en\/vystava-v-new-yorku\/\" tabindex=\"-1\" >\n\t\t\t<div class=\"elementor-post__thumbnail\"><img loading=\"lazy\" decoding=\"async\" width=\"580\" height=\"387\" src=\"https:\/\/vildart.cz\/wp-content\/uploads\/2025\/11\/IMG_2173-768x512.jpeg\" class=\"attachment-medium_large size-medium_large wp-image-4539\" alt=\"\" srcset=\"https:\/\/vildart.cz\/wp-content\/uploads\/2025\/11\/IMG_2173-768x512.jpeg 768w, https:\/\/vildart.cz\/wp-content\/uploads\/2025\/11\/IMG_2173-300x200.jpeg 300w, https:\/\/vildart.cz\/wp-content\/uploads\/2025\/11\/IMG_2173-18x12.jpeg 18w, https:\/\/vildart.cz\/wp-content\/uploads\/2025\/11\/IMG_2173-600x400.jpeg 600w, https:\/\/vildart.cz\/wp-content\/uploads\/2025\/11\/IMG_2173.jpeg 1000w\" sizes=\"(max-width: 580px) 100vw, 580px\" \/><\/div>\n\t\t<\/a>\n\t\t\t\t<div class=\"elementor-post__text\">\n\t\t\t\t<h3 class=\"elementor-post__title\">\n\t\t\t<a href=\"https:\/\/vildart.cz\/en\/vystava-v-new-yorku\/\" >\n\t\t\t\tV\u00fdstava v New Yorku\u00a0\t\t\t<\/a>\n\t\t<\/h3>\n\t\t\t\t<div class=\"elementor-post__meta-data\">\n\t\t\t\t\t<span class=\"elementor-post-date\">\n\t\t\tNovember 4, 2025\t\t<\/span>\n\t\t\t\t<\/div>\n\t\t\t\t<div class=\"elementor-post__excerpt\">\n\t\t\t<p>V\u00fdstava v New Yorku \u2014 \u201eINTERCONNECTING LINES\u201c, Artio Gallery | 22.\u201328. \u0159\u00edjna 2025 Dal\u0161\u00ed mezin\u00e1rodn\u00ed \u00fa\u010dast pro Vild Art! Tentokr\u00e1t<\/p>\n\t\t<\/div>\n\t\t\t\t<\/div>\n\t\t\t\t<\/article>\n\t\t\t\t<article class=\"elementor-post elementor-grid-item post-4526 post type-post status-publish format-standard has-post-thumbnail hentry category-vystavy-a-vernisaze tag-abstraktni-obrazy tag-obrazy-na-prodej tag-originalni-obrazy tag-vild-art tag-volne-obrazy tag-vystava\">\n\t\t\t\t<a class=\"elementor-post__thumbnail__link\" href=\"https:\/\/vildart.cz\/en\/vild-art-na-mezinarodni-scene-ucast-na-vystave-interconnecting-lines-v-new-yorku\/\" tabindex=\"-1\" >\n\t\t\t<div class=\"elementor-post__thumbnail\"><img loading=\"lazy\" decoding=\"async\" width=\"580\" height=\"221\" src=\"https:\/\/vildart.cz\/wp-content\/uploads\/2025\/10\/487357076_1179914300811841_6376011816904042921_n-1-768x292.jpg\" class=\"attachment-medium_large size-medium_large wp-image-4533\" alt=\"\" srcset=\"https:\/\/vildart.cz\/wp-content\/uploads\/2025\/10\/487357076_1179914300811841_6376011816904042921_n-1-768x292.jpg 768w, https:\/\/vildart.cz\/wp-content\/uploads\/2025\/10\/487357076_1179914300811841_6376011816904042921_n-1-300x114.jpg 300w, https:\/\/vildart.cz\/wp-content\/uploads\/2025\/10\/487357076_1179914300811841_6376011816904042921_n-1-1024x390.jpg 1024w, https:\/\/vildart.cz\/wp-content\/uploads\/2025\/10\/487357076_1179914300811841_6376011816904042921_n-1-1536x584.jpg 1536w, https:\/\/vildart.cz\/wp-content\/uploads\/2025\/10\/487357076_1179914300811841_6376011816904042921_n-1-18x7.jpg 18w, https:\/\/vildart.cz\/wp-content\/uploads\/2025\/10\/487357076_1179914300811841_6376011816904042921_n-1-1200x457.jpg 1200w, https:\/\/vildart.cz\/wp-content\/uploads\/2025\/10\/487357076_1179914300811841_6376011816904042921_n-1-600x228.jpg 600w, https:\/\/vildart.cz\/wp-content\/uploads\/2025\/10\/487357076_1179914300811841_6376011816904042921_n-1.jpg 1656w\" sizes=\"(max-width: 580px) 100vw, 580px\" \/><\/div>\n\t\t<\/a>\n\t\t\t\t<div class=\"elementor-post__text\">\n\t\t\t\t<h3 class=\"elementor-post__title\">\n\t\t\t<a href=\"https:\/\/vildart.cz\/en\/vild-art-na-mezinarodni-scene-ucast-na-vystave-interconnecting-lines-v-new-yorku\/\" >\n\t\t\t\tVild Art na mezin\u00e1rodn\u00ed sc\u00e9n\u011b: \u00da\u010dast na v\u00fdstav\u011b\u00a0v New Yorku\t\t\t<\/a>\n\t\t<\/h3>\n\t\t\t\t<div class=\"elementor-post__meta-data\">\n\t\t\t\t\t<span class=\"elementor-post-date\">\n\t\t\tOctober 27, 2025\t\t<\/span>\n\t\t\t\t<\/div>\n\t\t\t\t<div class=\"elementor-post__excerpt\">\n\t\t\t<p>Vild Art pokra\u010duje ve sv\u00e9 \u010derstv\u011b zapo\u010dat\u00e9 mezin\u00e1rodn\u00ed cest\u011b a s radost\u00ed oznamuje \u00fa\u010dast ve v\u00fdstav\u011b&nbsp;INTERCONNECTING LINES, kterou po\u0159\u00e1d\u00e1 Artio<\/p>\n\t\t<\/div>\n\t\t\t\t<\/div>\n\t\t\t\t<\/article>\n\t\t\t\t<article class=\"elementor-post elementor-grid-item post-4346 post type-post status-publish format-standard has-post-thumbnail hentry category-vystavy-a-vernisaze tag-abstraktni-obrazy tag-obrazy-na-prodej tag-originalni-obrazy tag-vild-art tag-volne-obrazy tag-vystava\">\n\t\t\t\t<a class=\"elementor-post__thumbnail__link\" href=\"https:\/\/vildart.cz\/en\/nase-prvni-mezinarodni-vystava-na-krete\/\" tabindex=\"-1\" >\n\t\t\t<div class=\"elementor-post__thumbnail\"><img loading=\"lazy\" decoding=\"async\" width=\"580\" height=\"386\" src=\"https:\/\/vildart.cz\/wp-content\/uploads\/2025\/09\/WhatsApp-Image-2025-09-29-at-9.21.04\u202fdop.-3-768x511.jpeg\" class=\"attachment-medium_large size-medium_large wp-image-4353\" alt=\"vild art \u0161\u00e1rka vildov\u00e1 abstraktn\u00ed malby woc v\u00fdstava origin\u00e1ly Kr\u00e9ta\" srcset=\"https:\/\/vildart.cz\/wp-content\/uploads\/2025\/09\/WhatsApp-Image-2025-09-29-at-9.21.04\u202fdop.-3-768x511.jpeg 768w, https:\/\/vildart.cz\/wp-content\/uploads\/2025\/09\/WhatsApp-Image-2025-09-29-at-9.21.04\u202fdop.-3-300x200.jpeg 300w, https:\/\/vildart.cz\/wp-content\/uploads\/2025\/09\/WhatsApp-Image-2025-09-29-at-9.21.04\u202fdop.-3-1024x681.jpeg 1024w, https:\/\/vildart.cz\/wp-content\/uploads\/2025\/09\/WhatsApp-Image-2025-09-29-at-9.21.04\u202fdop.-3-1536x1022.jpeg 1536w, https:\/\/vildart.cz\/wp-content\/uploads\/2025\/09\/WhatsApp-Image-2025-09-29-at-9.21.04\u202fdop.-3-2048x1363.jpeg 2048w, https:\/\/vildart.cz\/wp-content\/uploads\/2025\/09\/WhatsApp-Image-2025-09-29-at-9.21.04\u202fdop.-3-18x12.jpeg 18w, https:\/\/vildart.cz\/wp-content\/uploads\/2025\/09\/WhatsApp-Image-2025-09-29-at-9.21.04\u202fdop.-3-1200x799.jpeg 1200w, https:\/\/vildart.cz\/wp-content\/uploads\/2025\/09\/WhatsApp-Image-2025-09-29-at-9.21.04\u202fdop.-3-1980x1318.jpeg 1980w, https:\/\/vildart.cz\/wp-content\/uploads\/2025\/09\/WhatsApp-Image-2025-09-29-at-9.21.04\u202fdop.-3-600x399.jpeg 600w\" sizes=\"(max-width: 580px) 100vw, 580px\" \/><\/div>\n\t\t<\/a>\n\t\t\t\t<div class=\"elementor-post__text\">\n\t\t\t\t<h3 class=\"elementor-post__title\">\n\t\t\t<a href=\"https:\/\/vildart.cz\/en\/nase-prvni-mezinarodni-vystava-na-krete\/\" >\n\t\t\t\tNa\u0161e prvn\u00ed mezin\u00e1rodn\u00ed v\u00fdstava \u2013 na Kr\u00e9t\u011b\t\t\t<\/a>\n\t\t<\/h3>\n\t\t\t\t<div class=\"elementor-post__meta-data\">\n\t\t\t\t\t<span class=\"elementor-post-date\">\n\t\t\tSeptember 29, 2025\t\t<\/span>\n\t\t\t\t<\/div>\n\t\t\t\t<div class=\"elementor-post__excerpt\">\n\t\t\t<p>Na\u0161e cesta za um\u011bn\u00edm n\u00e1s tentokr\u00e1t zavedla a\u017e na Kr\u00e9tu, kde jsme se v r\u00e1mci&nbsp;WOC (World of Crete) 2025&nbsp;z\u00fa\u010dastnili na\u0161\u00ed<\/p>\n\t\t<\/div>\n\t\t\t\t<\/div>\n\t\t\t\t<\/article>\n\t\t\t\t<\/div>\n\t\t\n\t\t\t\t<div class=\"e-load-more-anchor\" data-page=\"1\" data-max-page=\"4\" data-next-page=\"https:\/\/vildart.cz\/en\/wp-json\/wp\/v2\/pages\/510\/page\/2\/\"><\/div>\n\t\t\t\t<nav class=\"elementor-pagination\" aria-label=\"Pagination\">\n\t\t\t<span class=\"page-numbers prev\">&laquo; Previous<\/span>\n<span aria-current=\"page\" class=\"page-numbers current\"><span class=\"elementor-screen-only\">Page<\/span>1<\/span>\n<a class=\"page-numbers\" href=\"https:\/\/vildart.cz\/en\/wp-json\/wp\/v2\/pages\/510\/page\/2\/\"><span class=\"elementor-screen-only\">Page<\/span>2<\/a>\n<a class=\"page-numbers\" href=\"https:\/\/vildart.cz\/en\/wp-json\/wp\/v2\/pages\/510\/page\/3\/\"><span class=\"elementor-screen-only\">Page<\/span>3<\/a>\n<a class=\"page-numbers\" href=\"https:\/\/vildart.cz\/en\/wp-json\/wp\/v2\/pages\/510\/page\/4\/\"><span class=\"elementor-screen-only\">Page<\/span>4<\/a>\n<a class=\"page-numbers next\" href=\"https:\/\/vildart.cz\/en\/wp-json\/wp\/v2\/pages\/510\/page\/2\/\">Next &raquo;<\/a>\t\t<\/nav>\n\t\t\t\t<\/div>\n\t\t\t\t<\/div>\n\t\t\t\t\t<\/div>\n\t\t<\/div>\n\t\t\t\t\t\t\t<\/div>\n\t\t<\/section>\n\t\t\t\t\t\t\t<\/div>","protected":false},"excerpt":{"rendered":"","protected":false},"author":1,"featured_media":0,"parent":0,"menu_order":0,"comment_status":"closed","ping_status":"closed","template":"elementor_header_footer","meta":{"footnotes":""},"class_list":["post-510","page","type-page","status-publish","hentry"],"_links":{"self":[{"href":"https:\/\/vildart.cz\/en\/wp-json\/wp\/v2\/pages\/510"}],"collection":[{"href":"https:\/\/vildart.cz\/en\/wp-json\/wp\/v2\/pages"}],"about":[{"href":"https:\/\/vildart.cz\/en\/wp-json\/wp\/v2\/types\/page"}],"author":[{"embeddable":true,"href":"https:\/\/vildart.cz\/en\/wp-json\/wp\/v2\/users\/1"}],"replies":[{"embeddable":true,"href":"https:\/\/vildart.cz\/en\/wp-json\/wp\/v2\/comments?post=510"}],"version-history":[{"count":7,"href":"https:\/\/vildart.cz\/en\/wp-json\/wp\/v2\/pages\/510\/revisions"}],"predecessor-version":[{"id":1344,"href":"https:\/\/vildart.cz\/en\/wp-json\/wp\/v2\/pages\/510\/revisions\/1344"}],"wp:attachment":[{"href":"https:\/\/vildart.cz\/en\/wp-json\/wp\/v2\/media?parent=510"}],"curies":[{"name":"wp","href":"https:\/\/api.w.org\/{rel}","templated":true}]}}