{"id":2020,"date":"2023-03-24T15:17:00","date_gmt":"2023-03-24T13:17:00","guid":{"rendered":"https:\/\/vildart.cz\/?post_type=product&#038;p=2020"},"modified":"2025-05-15T10:38:57","modified_gmt":"2025-05-15T08:38:57","slug":"jdi-za-stestim","status":"publish","type":"product","link":"https:\/\/vildart.cz\/en\/product\/jdi-za-stestim\/","title":{"rendered":"Pursue happiness"},"content":{"rendered":"<p>Original painting from the free work of the painter \u0160\u00e1rka Vildov\u00e1.<\/p>\n<p>The painting is signed on the front when handed over to the client.<\/p>\n<p>The buyer will receive a Hahnem\u00fchle certificate of authenticity for the painting.<\/p>\n<p>The picture can be hung in all directions according to the client's wishes.<\/p>","protected":false},"excerpt":{"rendered":"<p>Original painting<\/p>\n<p>Technique: acrylic painting + acrylic drawing, varnished, 7 cm blind frame compared to the standard 4 cm frame<\/p>\n<p>Size: 90x120 cm<\/p>\n<p>&nbsp;<\/p>\n<h3><strong>SOLD<\/strong><\/h3>\n<p>Selling price: 97.000 CZK<\/p>","protected":false},"featured_media":3079,"template":"","meta":[],"product_cat":[24],"product_tag":[],"class_list":["post-2020","product","type-product","status-publish","has-post-thumbnail","hentry","product_cat-originalni-malby","product_shipping_class-osobni-predani"],"_links":{"self":[{"href":"https:\/\/vildart.cz\/en\/wp-json\/wp\/v2\/product\/2020"}],"collection":[{"href":"https:\/\/vildart.cz\/en\/wp-json\/wp\/v2\/product"}],"about":[{"href":"https:\/\/vildart.cz\/en\/wp-json\/wp\/v2\/types\/product"}],"version-history":[{"count":10,"href":"https:\/\/vildart.cz\/en\/wp-json\/wp\/v2\/product\/2020\/revisions"}],"predecessor-version":[{"id":4112,"href":"https:\/\/vildart.cz\/en\/wp-json\/wp\/v2\/product\/2020\/revisions\/4112"}],"wp:featuredmedia":[{"embeddable":true,"href":"https:\/\/vildart.cz\/en\/wp-json\/wp\/v2\/media\/3079"}],"wp:attachment":[{"href":"https:\/\/vildart.cz\/en\/wp-json\/wp\/v2\/media?parent=2020"}],"wp:term":[{"taxonomy":"product_cat","embeddable":true,"href":"https:\/\/vildart.cz\/en\/wp-json\/wp\/v2\/product_cat?post=2020"},{"taxonomy":"product_tag","embeddable":true,"href":"https:\/\/vildart.cz\/en\/wp-json\/wp\/v2\/product_tag?post=2020"}],"curies":[{"name":"wp","href":"https:\/\/api.w.org\/{rel}","templated":true}]}}