{"id":3078,"date":"2023-12-08T12:49:31","date_gmt":"2023-12-08T10:49:31","guid":{"rendered":"https:\/\/vildart.cz\/?post_type=product&#038;p=3078"},"modified":"2025-05-15T10:37:20","modified_gmt":"2025-05-15T08:37:20","slug":"lsd","status":"publish","type":"product","link":"https:\/\/vildart.cz\/en\/product\/lsd\/","title":{"rendered":"LSD"},"content":{"rendered":"<p>Original painting from the free work of the painter \u0160\u00e1rka Vildov\u00e1.<\/p>\n<p>The painting is signed on the front when handed over to the client.<\/p>\n<p>The buyer will receive a Hahnem\u00fchle certificate of authenticity for the painting.<\/p>\n<p>The picture can be hung in all directions according to the client's wishes.<\/p>","protected":false},"excerpt":{"rendered":"<p>Original painting<\/p>\n<p>Technique: Acrylic painting, drawing + pastel, 7 cm blind frame compared to the standard 4 cm frame<\/p>\n<p>Size: 80x100cm<\/p>\n<p>&nbsp;<\/p>\n<h3><strong>SOLD<\/strong><\/h3>\n<p>Selling price: 87.000 CZK<\/p>\n<p>&nbsp;<\/p>","protected":false},"featured_media":3080,"template":"","meta":[],"product_cat":[24],"product_tag":[],"class_list":["post-3078","product","type-product","status-publish","has-post-thumbnail","hentry","product_cat-originalni-malby","product_shipping_class-osobni-predani"],"_links":{"self":[{"href":"https:\/\/vildart.cz\/en\/wp-json\/wp\/v2\/product\/3078"}],"collection":[{"href":"https:\/\/vildart.cz\/en\/wp-json\/wp\/v2\/product"}],"about":[{"href":"https:\/\/vildart.cz\/en\/wp-json\/wp\/v2\/types\/product"}],"version-history":[{"count":3,"href":"https:\/\/vildart.cz\/en\/wp-json\/wp\/v2\/product\/3078\/revisions"}],"predecessor-version":[{"id":4116,"href":"https:\/\/vildart.cz\/en\/wp-json\/wp\/v2\/product\/3078\/revisions\/4116"}],"wp:featuredmedia":[{"embeddable":true,"href":"https:\/\/vildart.cz\/en\/wp-json\/wp\/v2\/media\/3080"}],"wp:attachment":[{"href":"https:\/\/vildart.cz\/en\/wp-json\/wp\/v2\/media?parent=3078"}],"wp:term":[{"taxonomy":"product_cat","embeddable":true,"href":"https:\/\/vildart.cz\/en\/wp-json\/wp\/v2\/product_cat?post=3078"},{"taxonomy":"product_tag","embeddable":true,"href":"https:\/\/vildart.cz\/en\/wp-json\/wp\/v2\/product_tag?post=3078"}],"curies":[{"name":"wp","href":"https:\/\/api.w.org\/{rel}","templated":true}]}}