{"id":3102,"date":"2023-12-08T14:22:43","date_gmt":"2023-12-08T12:22:43","guid":{"rendered":"https:\/\/vildart.cz\/?post_type=product&#038;p=3102"},"modified":"2025-05-14T15:05:13","modified_gmt":"2025-05-14T13:05:13","slug":"moje-vsechno","status":"publish","type":"product","link":"https:\/\/vildart.cz\/en\/product\/moje-vsechno\/","title":{"rendered":"My everything"},"content":{"rendered":"<p>Original painting from the free work of the painter \u0160\u00e1rka Vildov\u00e1.<\/p>\n<p>The painting is signed on the front when handed over to the client.<\/p>\n<p>The buyer will receive a Hahnem\u00fchle certificate of authenticity for the painting.<\/p>\n<p>The picture can be hung in all directions according to the client's wishes.<\/p>","protected":false},"excerpt":{"rendered":"<p>Original painting<\/p>\n<p>Technique: Acrylic painting, drawing + pastel, 7 cm blind frame compared to the standard 4 cm frame<\/p>\n<p>Size: 120x150cm<\/p>\n<h3><strong>SOLD<\/strong><\/h3>\n<p>Selling price 137.000 CZK<\/p>\n<p>&nbsp;<\/p>","protected":false},"featured_media":3081,"template":"","meta":[],"product_cat":[24],"product_tag":[],"class_list":["post-3102","product","type-product","status-publish","has-post-thumbnail","hentry","product_cat-originalni-malby","product_shipping_class-osobni-predani"],"_links":{"self":[{"href":"https:\/\/vildart.cz\/en\/wp-json\/wp\/v2\/product\/3102"}],"collection":[{"href":"https:\/\/vildart.cz\/en\/wp-json\/wp\/v2\/product"}],"about":[{"href":"https:\/\/vildart.cz\/en\/wp-json\/wp\/v2\/types\/product"}],"version-history":[{"count":3,"href":"https:\/\/vildart.cz\/en\/wp-json\/wp\/v2\/product\/3102\/revisions"}],"predecessor-version":[{"id":4110,"href":"https:\/\/vildart.cz\/en\/wp-json\/wp\/v2\/product\/3102\/revisions\/4110"}],"wp:featuredmedia":[{"embeddable":true,"href":"https:\/\/vildart.cz\/en\/wp-json\/wp\/v2\/media\/3081"}],"wp:attachment":[{"href":"https:\/\/vildart.cz\/en\/wp-json\/wp\/v2\/media?parent=3102"}],"wp:term":[{"taxonomy":"product_cat","embeddable":true,"href":"https:\/\/vildart.cz\/en\/wp-json\/wp\/v2\/product_cat?post=3102"},{"taxonomy":"product_tag","embeddable":true,"href":"https:\/\/vildart.cz\/en\/wp-json\/wp\/v2\/product_tag?post=3102"}],"curies":[{"name":"wp","href":"https:\/\/api.w.org\/{rel}","templated":true}]}}