{"id":3104,"date":"2023-12-08T14:25:06","date_gmt":"2023-12-08T12:25:06","guid":{"rendered":"https:\/\/vildart.cz\/?post_type=product&#038;p=3104"},"modified":"2025-03-31T10:07:27","modified_gmt":"2025-03-31T08:07:27","slug":"ted-a-tady","status":"publish","type":"product","link":"https:\/\/vildart.cz\/en\/product\/ted-a-tady\/","title":{"rendered":"Now and here"},"content":{"rendered":"<p>Original painting from the free work of the painter \u0160\u00e1rka Vildov\u00e1.<\/p>\n<p>The painting is signed on the front when handed over to the client.<\/p>\n<p>The buyer will receive a Hahnem\u00fchle certificate of authenticity for the painting.<\/p>\n<p>The picture can be hung in all directions according to the client's wishes.<\/p>","protected":false},"excerpt":{"rendered":"<p>Original painting<\/p>\n<p>Technique: Acrylic painting, drawing + pastel, 7 cm blind frame compared to the standard 4 cm frame<\/p>\n<p>Size: 120x120cm<\/p>\n<h3>SOLD<\/h3>\n<h3><span style=\"font-size: 16px;\">Selling price 117.000 CZK<\/span><\/h3>\n<p>&nbsp;<\/p>","protected":false},"featured_media":3088,"template":"","meta":[],"product_cat":[24],"product_tag":[],"class_list":["post-3104","product","type-product","status-publish","has-post-thumbnail","hentry","product_cat-originalni-malby","product_shipping_class-osobni-predani"],"_links":{"self":[{"href":"https:\/\/vildart.cz\/en\/wp-json\/wp\/v2\/product\/3104"}],"collection":[{"href":"https:\/\/vildart.cz\/en\/wp-json\/wp\/v2\/product"}],"about":[{"href":"https:\/\/vildart.cz\/en\/wp-json\/wp\/v2\/types\/product"}],"version-history":[{"count":6,"href":"https:\/\/vildart.cz\/en\/wp-json\/wp\/v2\/product\/3104\/revisions"}],"predecessor-version":[{"id":3993,"href":"https:\/\/vildart.cz\/en\/wp-json\/wp\/v2\/product\/3104\/revisions\/3993"}],"wp:featuredmedia":[{"embeddable":true,"href":"https:\/\/vildart.cz\/en\/wp-json\/wp\/v2\/media\/3088"}],"wp:attachment":[{"href":"https:\/\/vildart.cz\/en\/wp-json\/wp\/v2\/media?parent=3104"}],"wp:term":[{"taxonomy":"product_cat","embeddable":true,"href":"https:\/\/vildart.cz\/en\/wp-json\/wp\/v2\/product_cat?post=3104"},{"taxonomy":"product_tag","embeddable":true,"href":"https:\/\/vildart.cz\/en\/wp-json\/wp\/v2\/product_tag?post=3104"}],"curies":[{"name":"wp","href":"https:\/\/api.w.org\/{rel}","templated":true}]}}