{"id":3112,"date":"2023-12-08T14:37:02","date_gmt":"2023-12-08T12:37:02","guid":{"rendered":"https:\/\/vildart.cz\/?post_type=product&#038;p=3112"},"modified":"2023-12-08T14:38:33","modified_gmt":"2023-12-08T12:38:33","slug":"stoupej-vys","status":"publish","type":"product","link":"https:\/\/vildart.cz\/en\/product\/stoupej-vys\/","title":{"rendered":"Rise higher"},"content":{"rendered":"<p>Original painting from the free work of the painter \u0160\u00e1rka Vildov\u00e1.<\/p>\n<p>The painting is signed on the front when handed over to the client.<\/p>\n<p>The buyer will receive a Hahnem\u00fchle certificate of authenticity for the painting.<\/p>\n<p>The picture can be hung in all directions according to the client's wishes.<\/p>","protected":false},"excerpt":{"rendered":"<p>Original painting<\/p>\n<p>Technique: Acrylic painting + drawing, 7 cm blind frame compared to the standard 4 cm frame<\/p>\n<p>Size: 140x90cm<\/p>\n<p>&nbsp;<\/p>\n<h3><strong>SOLD<\/strong><\/h3>\n<p>Selling price: 123.000 CZK<\/p>\n<p>&nbsp;<\/p>","protected":false},"featured_media":3086,"template":"","meta":[],"product_cat":[24],"product_tag":[],"class_list":["post-3112","product","type-product","status-publish","has-post-thumbnail","hentry","product_cat-originalni-malby","product_shipping_class-osobni-predani"],"_links":{"self":[{"href":"https:\/\/vildart.cz\/en\/wp-json\/wp\/v2\/product\/3112"}],"collection":[{"href":"https:\/\/vildart.cz\/en\/wp-json\/wp\/v2\/product"}],"about":[{"href":"https:\/\/vildart.cz\/en\/wp-json\/wp\/v2\/types\/product"}],"version-history":[{"count":1,"href":"https:\/\/vildart.cz\/en\/wp-json\/wp\/v2\/product\/3112\/revisions"}],"predecessor-version":[{"id":3113,"href":"https:\/\/vildart.cz\/en\/wp-json\/wp\/v2\/product\/3112\/revisions\/3113"}],"wp:featuredmedia":[{"embeddable":true,"href":"https:\/\/vildart.cz\/en\/wp-json\/wp\/v2\/media\/3086"}],"wp:attachment":[{"href":"https:\/\/vildart.cz\/en\/wp-json\/wp\/v2\/media?parent=3112"}],"wp:term":[{"taxonomy":"product_cat","embeddable":true,"href":"https:\/\/vildart.cz\/en\/wp-json\/wp\/v2\/product_cat?post=3112"},{"taxonomy":"product_tag","embeddable":true,"href":"https:\/\/vildart.cz\/en\/wp-json\/wp\/v2\/product_tag?post=3112"}],"curies":[{"name":"wp","href":"https:\/\/api.w.org\/{rel}","templated":true}]}}