{"id":3198,"date":"2024-04-03T09:42:06","date_gmt":"2024-04-03T07:42:06","guid":{"rendered":"https:\/\/vildart.cz\/?post_type=product&#038;p=3198"},"modified":"2024-11-04T11:00:37","modified_gmt":"2024-11-04T09:00:37","slug":"znameni","status":"publish","type":"product","link":"https:\/\/vildart.cz\/en\/product\/znameni\/","title":{"rendered":"Sign"},"content":{"rendered":"<p>Original painting from the free work of the painter \u0160\u00e1rka Vildov\u00e1.<\/p>\n<p>The painting is signed on the front when handed over to the client.<\/p>\n<p>The buyer will receive a Hahnem\u00fchle certificate of authenticity for the painting.<\/p>\n<p>The picture can be hung in all directions according to the client's wishes.<\/p>","protected":false},"excerpt":{"rendered":"<p>Original painting<\/p>\n<p>Technique: Combined acrylic painting + drawing, 7 cm blind frame compared to the standard 4 cm frame<\/p>\n<p>Size: 180x90cm<\/p>\n<h3><strong>SOLD<\/strong><\/h3>\n<p>Selling price 145.000 CZK<\/p>","protected":false},"featured_media":3243,"template":"","meta":[],"product_cat":[24],"product_tag":[],"class_list":["post-3198","product","type-product","status-publish","has-post-thumbnail","hentry","product_cat-originalni-malby","product_shipping_class-osobni-predani"],"_links":{"self":[{"href":"https:\/\/vildart.cz\/en\/wp-json\/wp\/v2\/product\/3198"}],"collection":[{"href":"https:\/\/vildart.cz\/en\/wp-json\/wp\/v2\/product"}],"about":[{"href":"https:\/\/vildart.cz\/en\/wp-json\/wp\/v2\/types\/product"}],"version-history":[{"count":5,"href":"https:\/\/vildart.cz\/en\/wp-json\/wp\/v2\/product\/3198\/revisions"}],"predecessor-version":[{"id":3599,"href":"https:\/\/vildart.cz\/en\/wp-json\/wp\/v2\/product\/3198\/revisions\/3599"}],"wp:featuredmedia":[{"embeddable":true,"href":"https:\/\/vildart.cz\/en\/wp-json\/wp\/v2\/media\/3243"}],"wp:attachment":[{"href":"https:\/\/vildart.cz\/en\/wp-json\/wp\/v2\/media?parent=3198"}],"wp:term":[{"taxonomy":"product_cat","embeddable":true,"href":"https:\/\/vildart.cz\/en\/wp-json\/wp\/v2\/product_cat?post=3198"},{"taxonomy":"product_tag","embeddable":true,"href":"https:\/\/vildart.cz\/en\/wp-json\/wp\/v2\/product_tag?post=3198"}],"curies":[{"name":"wp","href":"https:\/\/api.w.org\/{rel}","templated":true}]}}