{"id":3202,"date":"2024-04-03T09:48:50","date_gmt":"2024-04-03T07:48:50","guid":{"rendered":"https:\/\/vildart.cz\/?post_type=product&#038;p=3202"},"modified":"2024-04-12T10:19:19","modified_gmt":"2024-04-12T08:19:19","slug":"v-hlave","status":"publish","type":"product","link":"https:\/\/vildart.cz\/en\/product\/v-hlave\/","title":{"rendered":"In the head"},"content":{"rendered":"<p>Original painting from the free work of the painter \u0160\u00e1rka Vildov\u00e1.<\/p>\n<p>The painting is signed on the front when handed over to the client.<\/p>\n<p>The buyer will receive a Hahnem\u00fchle certificate of authenticity for the painting.<\/p>\n<p>The picture can be hung in all directions according to the client's wishes.<\/p>","protected":false},"excerpt":{"rendered":"<p>Original painting<\/p>\n<p>Technique: Oil painting, 7 cm blind frame compared to the standard 4 cm frame<\/p>\n<p>Size: 90x110 cm<\/p>\n<h3><strong>SOLD<\/strong><\/h3>\n<p>Selling price 147.000 CZK<\/p>","protected":false},"featured_media":3250,"template":"","meta":[],"product_cat":[24],"product_tag":[],"class_list":["post-3202","product","type-product","status-publish","has-post-thumbnail","hentry","product_cat-originalni-malby","product_shipping_class-osobni-predani"],"_links":{"self":[{"href":"https:\/\/vildart.cz\/en\/wp-json\/wp\/v2\/product\/3202"}],"collection":[{"href":"https:\/\/vildart.cz\/en\/wp-json\/wp\/v2\/product"}],"about":[{"href":"https:\/\/vildart.cz\/en\/wp-json\/wp\/v2\/types\/product"}],"version-history":[{"count":3,"href":"https:\/\/vildart.cz\/en\/wp-json\/wp\/v2\/product\/3202\/revisions"}],"predecessor-version":[{"id":3274,"href":"https:\/\/vildart.cz\/en\/wp-json\/wp\/v2\/product\/3202\/revisions\/3274"}],"wp:featuredmedia":[{"embeddable":true,"href":"https:\/\/vildart.cz\/en\/wp-json\/wp\/v2\/media\/3250"}],"wp:attachment":[{"href":"https:\/\/vildart.cz\/en\/wp-json\/wp\/v2\/media?parent=3202"}],"wp:term":[{"taxonomy":"product_cat","embeddable":true,"href":"https:\/\/vildart.cz\/en\/wp-json\/wp\/v2\/product_cat?post=3202"},{"taxonomy":"product_tag","embeddable":true,"href":"https:\/\/vildart.cz\/en\/wp-json\/wp\/v2\/product_tag?post=3202"}],"curies":[{"name":"wp","href":"https:\/\/api.w.org\/{rel}","templated":true}]}}