{"id":3206,"date":"2024-04-03T09:51:14","date_gmt":"2024-04-03T07:51:14","guid":{"rendered":"https:\/\/vildart.cz\/?post_type=product&#038;p=3206"},"modified":"2024-09-17T10:02:19","modified_gmt":"2024-09-17T08:02:19","slug":"nech-se-vest","status":"publish","type":"product","link":"https:\/\/vildart.cz\/en\/product\/nech-se-vest\/","title":{"rendered":"Let yourself be guided"},"content":{"rendered":"<p>Original painting from the free work of the painter \u0160\u00e1rka Vildov\u00e1.<\/p>\n<p>The painting is signed on the front when handed over to the client.<\/p>\n<p>The buyer will receive a Hahnem\u00fchle certificate of authenticity for the painting.<\/p>\n<p>The picture can be hung in all directions according to the client's wishes.<\/p>","protected":false},"excerpt":{"rendered":"<p>Original painting<\/p>\n<p>Technique: Combined acrylic painting + structuring paste, 7 cm blind frame compared to the standard 4 cm frame<\/p>\n<p>Size: 70x120 cm<\/p>\n<h3><strong>SOLD<\/strong><\/h3>\n<p>Selling price 67.000 CZK<\/p>","protected":false},"featured_media":3248,"template":"","meta":[],"product_cat":[24],"product_tag":[],"class_list":["post-3206","product","type-product","status-publish","has-post-thumbnail","hentry","product_cat-originalni-malby","product_shipping_class-osobni-predani"],"_links":{"self":[{"href":"https:\/\/vildart.cz\/en\/wp-json\/wp\/v2\/product\/3206"}],"collection":[{"href":"https:\/\/vildart.cz\/en\/wp-json\/wp\/v2\/product"}],"about":[{"href":"https:\/\/vildart.cz\/en\/wp-json\/wp\/v2\/types\/product"}],"version-history":[{"count":4,"href":"https:\/\/vildart.cz\/en\/wp-json\/wp\/v2\/product\/3206\/revisions"}],"predecessor-version":[{"id":3441,"href":"https:\/\/vildart.cz\/en\/wp-json\/wp\/v2\/product\/3206\/revisions\/3441"}],"wp:featuredmedia":[{"embeddable":true,"href":"https:\/\/vildart.cz\/en\/wp-json\/wp\/v2\/media\/3248"}],"wp:attachment":[{"href":"https:\/\/vildart.cz\/en\/wp-json\/wp\/v2\/media?parent=3206"}],"wp:term":[{"taxonomy":"product_cat","embeddable":true,"href":"https:\/\/vildart.cz\/en\/wp-json\/wp\/v2\/product_cat?post=3206"},{"taxonomy":"product_tag","embeddable":true,"href":"https:\/\/vildart.cz\/en\/wp-json\/wp\/v2\/product_tag?post=3206"}],"curies":[{"name":"wp","href":"https:\/\/api.w.org\/{rel}","templated":true}]}}