{"id":3216,"date":"2024-04-03T09:57:45","date_gmt":"2024-04-03T07:57:45","guid":{"rendered":"https:\/\/vildart.cz\/?post_type=product&#038;p=3216"},"modified":"2024-09-17T10:00:56","modified_gmt":"2024-09-17T08:00:56","slug":"odvaha","status":"publish","type":"product","link":"https:\/\/vildart.cz\/en\/product\/odvaha\/","title":{"rendered":"Courage"},"content":{"rendered":"<p>Original painting from the free work of the painter \u0160\u00e1rka Vildov\u00e1.<\/p>\n<p>The painting is signed on the front when handed over to the client.<\/p>\n<p>The buyer will receive a Hahnem\u00fchle certificate of authenticity for the painting.<\/p>\n<p>The picture can be hung in all directions according to the client's wishes.<\/p>","protected":false},"excerpt":{"rendered":"<p>Original painting<\/p>\n<p>Technique: Combined acrylic painting+acrylic drawing, 7 cm blind frame compared to standard 4 cm frame<\/p>\n<p>Size: 70x120 cm<\/p>\n<h3><strong>SOLD<\/strong><\/h3>\n<p>Selling price 67.000 CZK<\/p>","protected":false},"featured_media":3244,"template":"","meta":[],"product_cat":[24],"product_tag":[],"class_list":["post-3216","product","type-product","status-publish","has-post-thumbnail","hentry","product_cat-originalni-malby","product_shipping_class-osobni-predani"],"_links":{"self":[{"href":"https:\/\/vildart.cz\/en\/wp-json\/wp\/v2\/product\/3216"}],"collection":[{"href":"https:\/\/vildart.cz\/en\/wp-json\/wp\/v2\/product"}],"about":[{"href":"https:\/\/vildart.cz\/en\/wp-json\/wp\/v2\/types\/product"}],"version-history":[{"count":4,"href":"https:\/\/vildart.cz\/en\/wp-json\/wp\/v2\/product\/3216\/revisions"}],"predecessor-version":[{"id":3439,"href":"https:\/\/vildart.cz\/en\/wp-json\/wp\/v2\/product\/3216\/revisions\/3439"}],"wp:featuredmedia":[{"embeddable":true,"href":"https:\/\/vildart.cz\/en\/wp-json\/wp\/v2\/media\/3244"}],"wp:attachment":[{"href":"https:\/\/vildart.cz\/en\/wp-json\/wp\/v2\/media?parent=3216"}],"wp:term":[{"taxonomy":"product_cat","embeddable":true,"href":"https:\/\/vildart.cz\/en\/wp-json\/wp\/v2\/product_cat?post=3216"},{"taxonomy":"product_tag","embeddable":true,"href":"https:\/\/vildart.cz\/en\/wp-json\/wp\/v2\/product_tag?post=3216"}],"curies":[{"name":"wp","href":"https:\/\/api.w.org\/{rel}","templated":true}]}}