{"id":4375,"date":"2025-10-06T07:59:45","date_gmt":"2025-10-06T05:59:45","guid":{"rendered":"https:\/\/vildart.cz\/?post_type=product&#038;p=4375"},"modified":"2025-10-06T08:24:37","modified_gmt":"2025-10-06T06:24:37","slug":"uvnitr-nas","status":"publish","type":"product","link":"https:\/\/vildart.cz\/en\/product\/uvnitr-nas\/","title":{"rendered":"Inside us"},"content":{"rendered":"<p>Original painting from the free work of the painter \u0160\u00e1rka Vildov\u00e1.<\/p>\n<p>The painting is signed on the front when handed over to the client.<\/p>\n<p>The buyer will receive a Hahnem\u00fchle certificate of authenticity for the painting.<\/p>\n<p>The picture can be hung in all directions according to the client's wishes.<\/p>","protected":false},"excerpt":{"rendered":"<p>Original painting<\/p>\n<p>Technique: Acrylic painting + drawing, 7 cm blind frame compared to the standard 4 cm frame<\/p>\n<p>Size: 80x100cm<\/p>\n<h3><strong>SOLD<\/strong><\/h3>\n<p>Selling price 97.000 CZK<\/p>","protected":false},"featured_media":4369,"template":"","meta":[],"product_cat":[24],"product_tag":[],"class_list":["post-4375","product","type-product","status-publish","has-post-thumbnail","hentry","product_cat-originalni-malby","product_shipping_class-osobni-predani"],"_links":{"self":[{"href":"https:\/\/vildart.cz\/en\/wp-json\/wp\/v2\/product\/4375"}],"collection":[{"href":"https:\/\/vildart.cz\/en\/wp-json\/wp\/v2\/product"}],"about":[{"href":"https:\/\/vildart.cz\/en\/wp-json\/wp\/v2\/types\/product"}],"version-history":[{"count":3,"href":"https:\/\/vildart.cz\/en\/wp-json\/wp\/v2\/product\/4375\/revisions"}],"predecessor-version":[{"id":4394,"href":"https:\/\/vildart.cz\/en\/wp-json\/wp\/v2\/product\/4375\/revisions\/4394"}],"wp:featuredmedia":[{"embeddable":true,"href":"https:\/\/vildart.cz\/en\/wp-json\/wp\/v2\/media\/4369"}],"wp:attachment":[{"href":"https:\/\/vildart.cz\/en\/wp-json\/wp\/v2\/media?parent=4375"}],"wp:term":[{"taxonomy":"product_cat","embeddable":true,"href":"https:\/\/vildart.cz\/en\/wp-json\/wp\/v2\/product_cat?post=4375"},{"taxonomy":"product_tag","embeddable":true,"href":"https:\/\/vildart.cz\/en\/wp-json\/wp\/v2\/product_tag?post=4375"}],"curies":[{"name":"wp","href":"https:\/\/api.w.org\/{rel}","templated":true}]}}