{"id":4377,"date":"2025-10-06T08:03:07","date_gmt":"2025-10-06T06:03:07","guid":{"rendered":"https:\/\/vildart.cz\/?post_type=product&#038;p=4377"},"modified":"2026-04-01T07:59:38","modified_gmt":"2026-04-01T05:59:38","slug":"roztahni-kridla","status":"publish","type":"product","link":"https:\/\/vildart.cz\/en\/product\/roztahni-kridla\/","title":{"rendered":"Spread your wings"},"content":{"rendered":"<p>Original painting from the free work of the painter \u0160\u00e1rka Vildov\u00e1.<\/p>\n<p>The painting is signed on the front when handed over to the client.<\/p>\n<p>The buyer will receive a Hahnem\u00fchle certificate of authenticity for the painting.<\/p>\n<p>The picture can be hung in all directions according to the client's wishes.<\/p>","protected":false},"excerpt":{"rendered":"<p>Original painting<\/p>\n<p>Technique: Acrylic painting + drawing, 7 cm blind frame compared to the standard 4 cm frame<\/p>\n<p>Size: 90x110 cm<\/p>\n<h3><strong>Painting for sale<\/strong><\/h3>\n<p>Selling price 115.000 CZK<\/p>","protected":false},"featured_media":4368,"template":"","meta":[],"product_cat":[24],"product_tag":[],"class_list":["post-4377","product","type-product","status-publish","has-post-thumbnail","hentry","product_cat-originalni-malby","product_shipping_class-osobni-predani"],"_links":{"self":[{"href":"https:\/\/vildart.cz\/en\/wp-json\/wp\/v2\/product\/4377"}],"collection":[{"href":"https:\/\/vildart.cz\/en\/wp-json\/wp\/v2\/product"}],"about":[{"href":"https:\/\/vildart.cz\/en\/wp-json\/wp\/v2\/types\/product"}],"version-history":[{"count":1,"href":"https:\/\/vildart.cz\/en\/wp-json\/wp\/v2\/product\/4377\/revisions"}],"predecessor-version":[{"id":4378,"href":"https:\/\/vildart.cz\/en\/wp-json\/wp\/v2\/product\/4377\/revisions\/4378"}],"wp:featuredmedia":[{"embeddable":true,"href":"https:\/\/vildart.cz\/en\/wp-json\/wp\/v2\/media\/4368"}],"wp:attachment":[{"href":"https:\/\/vildart.cz\/en\/wp-json\/wp\/v2\/media?parent=4377"}],"wp:term":[{"taxonomy":"product_cat","embeddable":true,"href":"https:\/\/vildart.cz\/en\/wp-json\/wp\/v2\/product_cat?post=4377"},{"taxonomy":"product_tag","embeddable":true,"href":"https:\/\/vildart.cz\/en\/wp-json\/wp\/v2\/product_tag?post=4377"}],"curies":[{"name":"wp","href":"https:\/\/api.w.org\/{rel}","templated":true}]}}