{"id":4399,"date":"2025-10-06T08:55:15","date_gmt":"2025-10-06T06:55:15","guid":{"rendered":"https:\/\/vildart.cz\/?post_type=product&#038;p=4399"},"modified":"2026-04-01T07:58:09","modified_gmt":"2026-04-01T05:58:09","slug":"nech-to-byt","status":"publish","type":"product","link":"https:\/\/vildart.cz\/en\/product\/nech-to-byt\/","title":{"rendered":"Let it be"},"content":{"rendered":"<p>Original painting from the free work of the painter \u0160\u00e1rka Vildov\u00e1.<\/p>\n<p>The painting is signed on the front when handed over to the client.<\/p>\n<p>The buyer will receive a Hahnem\u00fchle certificate of authenticity for the painting.<\/p>\n<p>The picture can be hung in all directions according to the client's wishes.<\/p>","protected":false},"excerpt":{"rendered":"<p>Original painting<\/p>\n<p>Technique: Acrylic painting, framed in a black wooden frame<\/p>\n<p>Size: 30x40cm<\/p>\n<h3><strong>Painting for sale<\/strong><\/h3>\n<p>Selling price 19.000 CZK<\/p>","protected":false},"featured_media":4364,"template":"","meta":[],"product_cat":[24],"product_tag":[],"class_list":["post-4399","product","type-product","status-publish","has-post-thumbnail","hentry","product_cat-originalni-malby","product_shipping_class-osobni-predani"],"_links":{"self":[{"href":"https:\/\/vildart.cz\/en\/wp-json\/wp\/v2\/product\/4399"}],"collection":[{"href":"https:\/\/vildart.cz\/en\/wp-json\/wp\/v2\/product"}],"about":[{"href":"https:\/\/vildart.cz\/en\/wp-json\/wp\/v2\/types\/product"}],"version-history":[{"count":1,"href":"https:\/\/vildart.cz\/en\/wp-json\/wp\/v2\/product\/4399\/revisions"}],"predecessor-version":[{"id":4400,"href":"https:\/\/vildart.cz\/en\/wp-json\/wp\/v2\/product\/4399\/revisions\/4400"}],"wp:featuredmedia":[{"embeddable":true,"href":"https:\/\/vildart.cz\/en\/wp-json\/wp\/v2\/media\/4364"}],"wp:attachment":[{"href":"https:\/\/vildart.cz\/en\/wp-json\/wp\/v2\/media?parent=4399"}],"wp:term":[{"taxonomy":"product_cat","embeddable":true,"href":"https:\/\/vildart.cz\/en\/wp-json\/wp\/v2\/product_cat?post=4399"},{"taxonomy":"product_tag","embeddable":true,"href":"https:\/\/vildart.cz\/en\/wp-json\/wp\/v2\/product_tag?post=4399"}],"curies":[{"name":"wp","href":"https:\/\/api.w.org\/{rel}","templated":true}]}}