{"id":994,"date":"2022-05-04T17:27:09","date_gmt":"2022-05-04T15:27:09","guid":{"rendered":"https:\/\/vildart.cz\/?post_type=product&#038;p=994"},"modified":"2022-05-06T13:05:05","modified_gmt":"2022-05-06T11:05:05","slug":"nft-zivel-vzduch-03","status":"publish","type":"product","link":"https:\/\/vildart.cz\/en\/product\/nft-zivel-vzduch-03\/","title":{"rendered":"NFT Element air 03"},"content":{"rendered":"<p>For each physically painted original, we decided to create only 1 Original NFT in the same size as the actual painting, 12 Middle NFTs in the size of 1\/3 of the original, and 120 Small NFTs in the size of 1\/9 of the original.<\/p>\n<p>Collectors and investors can now also purchase our works in digital form, which brings many advantages in the future. Smaller versions of our works can be an advantage for those of you for whom the price of the original would otherwise be unaffordable.<\/p>\n<p>You can find more information and benefits about the project to digitize our works, the upcoming virtual gallery, and entry into the metaverse in our \u201cRoad map\u201d.<\/p>","protected":false},"excerpt":{"rendered":"<p><b>An original series of digital image tokens by \u0160\u00e1rka Vildov\u00e1 from the Element series.<\/b><\/p>\n<p>Limited edition now available for purchase by clicking on selected NFTs below.<\/p>\n<h4><strong>Varianty:<\/strong><\/h4>\n<p>Original<\/p>\n<p><a href=\"https:\/\/opensea.io\/assets\/0x8dea593f8e1a7f49dea935c9093ca06257cae5b3\/9\"> Middle (12ks)<\/a><\/p>\n<p><a href=\"https:\/\/opensea.io\/assets\/0x8dea593f8e1a7f49dea935c9093ca06257cae5b3\/21\">Small (120ks)<\/a><\/p>","protected":false},"featured_media":699,"template":"","meta":[],"product_cat":[28],"product_tag":[],"class_list":["post-994","product","type-product","status-publish","has-post-thumbnail","hentry","product_cat-nft"],"_links":{"self":[{"href":"https:\/\/vildart.cz\/en\/wp-json\/wp\/v2\/product\/994"}],"collection":[{"href":"https:\/\/vildart.cz\/en\/wp-json\/wp\/v2\/product"}],"about":[{"href":"https:\/\/vildart.cz\/en\/wp-json\/wp\/v2\/types\/product"}],"version-history":[{"count":2,"href":"https:\/\/vildart.cz\/en\/wp-json\/wp\/v2\/product\/994\/revisions"}],"predecessor-version":[{"id":1182,"href":"https:\/\/vildart.cz\/en\/wp-json\/wp\/v2\/product\/994\/revisions\/1182"}],"wp:featuredmedia":[{"embeddable":true,"href":"https:\/\/vildart.cz\/en\/wp-json\/wp\/v2\/media\/699"}],"wp:attachment":[{"href":"https:\/\/vildart.cz\/en\/wp-json\/wp\/v2\/media?parent=994"}],"wp:term":[{"taxonomy":"product_cat","embeddable":true,"href":"https:\/\/vildart.cz\/en\/wp-json\/wp\/v2\/product_cat?post=994"},{"taxonomy":"product_tag","embeddable":true,"href":"https:\/\/vildart.cz\/en\/wp-json\/wp\/v2\/product_tag?post=994"}],"curies":[{"name":"wp","href":"https:\/\/api.w.org\/{rel}","templated":true}]}}